{"id":570,"date":"2024-01-25T09:40:12","date_gmt":"2024-01-25T09:40:12","guid":{"rendered":"https:\/\/rapm.mutualismo.pt\/wp\/?page_id=570"},"modified":"2024-01-25T09:40:12","modified_gmt":"2024-01-25T09:40:12","slug":"ana-sofia-antunes","status":"publish","type":"page","link":"https:\/\/rapm.mutualismo.pt\/wp\/ana-sofia-antunes\/","title":{"rendered":"Ana Sofia Antunes"},"content":{"rendered":"<p>Secret\u00e1ria de Estado da Inclus\u00e3o<\/p>\n<p><!--more--><\/p>\n<p>Ana Sofia Antunes \u00e9 Secret\u00e1ria de Estado da Inclus\u00e3o, integrando o Minist\u00e9rio do Trabalho, Solidariedade e Seguran\u00e7a Social.<\/p>\n","protected":false},"excerpt":{"rendered":"<p>Secret\u00e1ria de Estado da Inclus\u00e3o<\/p>\n","protected":false},"author":2,"featured_media":571,"parent":0,"menu_order":0,"comment_status":"closed","ping_status":"closed","template":"","meta":{"pagelayer_contact_templates":[],"_pagelayer_content":"","footnotes":""},"class_list":["post-570","page","type-page","status-publish","has-post-thumbnail","hentry"],"_links":{"self":[{"href":"https:\/\/rapm.mutualismo.pt\/wp\/wp-json\/wp\/v2\/pages\/570","targetHints":{"allow":["GET"]}}],"collection":[{"href":"https:\/\/rapm.mutualismo.pt\/wp\/wp-json\/wp\/v2\/pages"}],"about":[{"href":"https:\/\/rapm.mutualismo.pt\/wp\/wp-json\/wp\/v2\/types\/page"}],"author":[{"embeddable":true,"href":"https:\/\/rapm.mutualismo.pt\/wp\/wp-json\/wp\/v2\/users\/2"}],"replies":[{"embeddable":true,"href":"https:\/\/rapm.mutualismo.pt\/wp\/wp-json\/wp\/v2\/comments?post=570"}],"version-history":[{"count":1,"href":"https:\/\/rapm.mutualismo.pt\/wp\/wp-json\/wp\/v2\/pages\/570\/revisions"}],"predecessor-version":[{"id":572,"href":"https:\/\/rapm.mutualismo.pt\/wp\/wp-json\/wp\/v2\/pages\/570\/revisions\/572"}],"wp:featuredmedia":[{"embeddable":true,"href":"https:\/\/rapm.mutualismo.pt\/wp\/wp-json\/wp\/v2\/media\/571"}],"wp:attachment":[{"href":"https:\/\/rapm.mutualismo.pt\/wp\/wp-json\/wp\/v2\/media?parent=570"}],"curies":[{"name":"wp","href":"https:\/\/api.w.org\/{rel}","templated":true}]}}