{"id":532,"date":"2024-01-11T12:55:27","date_gmt":"2024-01-11T12:55:27","guid":{"rendered":"https:\/\/rapm.mutualismo.pt\/wp\/?page_id=532"},"modified":"2024-01-11T12:55:27","modified_gmt":"2024-01-11T12:55:27","slug":"miguel-guimaraes","status":"publish","type":"page","link":"https:\/\/rapm.mutualismo.pt\/wp\/miguel-guimaraes\/","title":{"rendered":"Miguel Guimar\u00e3es"},"content":{"rendered":"<p>ex-Baston\u00e1rio da Ordem dos M\u00e9dicos<\/p>\n<p><!--more--><\/p>\n<p>Miguel Guimar\u00e3es foi Baston\u00e1rio da Ordem dos M\u00e9dicos. \u00c9 licenciado em Medicina e Cirurgia na Faculdade de Medicina da Universidade do Porto. Integra a equipa de transplanta\u00e7\u00e3o do CHUSJ desde 1994, sendo tamb\u00e9m autor principal ou coautor de mais de 100 trabalhos publicados.<\/p>\n","protected":false},"excerpt":{"rendered":"<p>ex-Baston\u00e1rio da Ordem dos M\u00e9dicos<\/p>\n","protected":false},"author":6,"featured_media":534,"parent":0,"menu_order":0,"comment_status":"closed","ping_status":"closed","template":"","meta":{"pagelayer_contact_templates":[],"_pagelayer_content":"","footnotes":""},"class_list":["post-532","page","type-page","status-publish","has-post-thumbnail","hentry"],"_links":{"self":[{"href":"https:\/\/rapm.mutualismo.pt\/wp\/wp-json\/wp\/v2\/pages\/532","targetHints":{"allow":["GET"]}}],"collection":[{"href":"https:\/\/rapm.mutualismo.pt\/wp\/wp-json\/wp\/v2\/pages"}],"about":[{"href":"https:\/\/rapm.mutualismo.pt\/wp\/wp-json\/wp\/v2\/types\/page"}],"author":[{"embeddable":true,"href":"https:\/\/rapm.mutualismo.pt\/wp\/wp-json\/wp\/v2\/users\/6"}],"replies":[{"embeddable":true,"href":"https:\/\/rapm.mutualismo.pt\/wp\/wp-json\/wp\/v2\/comments?post=532"}],"version-history":[{"count":1,"href":"https:\/\/rapm.mutualismo.pt\/wp\/wp-json\/wp\/v2\/pages\/532\/revisions"}],"predecessor-version":[{"id":535,"href":"https:\/\/rapm.mutualismo.pt\/wp\/wp-json\/wp\/v2\/pages\/532\/revisions\/535"}],"wp:featuredmedia":[{"embeddable":true,"href":"https:\/\/rapm.mutualismo.pt\/wp\/wp-json\/wp\/v2\/media\/534"}],"wp:attachment":[{"href":"https:\/\/rapm.mutualismo.pt\/wp\/wp-json\/wp\/v2\/media?parent=532"}],"curies":[{"name":"wp","href":"https:\/\/api.w.org\/{rel}","templated":true}]}}