{"id":528,"date":"2024-01-11T12:47:34","date_gmt":"2024-01-11T12:47:34","guid":{"rendered":"https:\/\/rapm.mutualismo.pt\/wp\/?page_id=528"},"modified":"2024-02-01T11:07:55","modified_gmt":"2024-02-01T11:07:55","slug":"eduardo-pedroso","status":"publish","type":"page","link":"https:\/\/rapm.mutualismo.pt\/wp\/eduardo-pedroso\/","title":{"rendered":"Eduardo Pedroso"},"content":{"rendered":"<p>Respons\u00e1vel das Estat\u00edsticas da CASES<\/p>\n<p><!--more--><\/p>\n<p>Eduardo Pedroso \u00e9 respons\u00e1vel pelas Estat\u00edsticas e Base de Dados da Cooperativa Ant\u00f3nio S\u00e9rgio para a Economia Social (CASES).<\/p>\n","protected":false},"excerpt":{"rendered":"<p>Respons\u00e1vel das Estat\u00edsticas da CASES<\/p>\n","protected":false},"author":6,"featured_media":625,"parent":0,"menu_order":0,"comment_status":"closed","ping_status":"closed","template":"","meta":{"pagelayer_contact_templates":[],"_pagelayer_content":"","footnotes":""},"class_list":["post-528","page","type-page","status-publish","has-post-thumbnail","hentry"],"_links":{"self":[{"href":"https:\/\/rapm.mutualismo.pt\/wp\/wp-json\/wp\/v2\/pages\/528","targetHints":{"allow":["GET"]}}],"collection":[{"href":"https:\/\/rapm.mutualismo.pt\/wp\/wp-json\/wp\/v2\/pages"}],"about":[{"href":"https:\/\/rapm.mutualismo.pt\/wp\/wp-json\/wp\/v2\/types\/page"}],"author":[{"embeddable":true,"href":"https:\/\/rapm.mutualismo.pt\/wp\/wp-json\/wp\/v2\/users\/6"}],"replies":[{"embeddable":true,"href":"https:\/\/rapm.mutualismo.pt\/wp\/wp-json\/wp\/v2\/comments?post=528"}],"version-history":[{"count":2,"href":"https:\/\/rapm.mutualismo.pt\/wp\/wp-json\/wp\/v2\/pages\/528\/revisions"}],"predecessor-version":[{"id":624,"href":"https:\/\/rapm.mutualismo.pt\/wp\/wp-json\/wp\/v2\/pages\/528\/revisions\/624"}],"wp:featuredmedia":[{"embeddable":true,"href":"https:\/\/rapm.mutualismo.pt\/wp\/wp-json\/wp\/v2\/media\/625"}],"wp:attachment":[{"href":"https:\/\/rapm.mutualismo.pt\/wp\/wp-json\/wp\/v2\/media?parent=528"}],"curies":[{"name":"wp","href":"https:\/\/api.w.org\/{rel}","templated":true}]}}