{"id":467,"date":"2024-01-09T10:41:27","date_gmt":"2024-01-09T10:41:27","guid":{"rendered":"https:\/\/rapm.mutualismo.pt\/wp\/?page_id=467"},"modified":"2024-01-09T11:14:48","modified_gmt":"2024-01-09T11:14:48","slug":"destinatarios","status":"publish","type":"page","link":"https:\/\/rapm.mutualismo.pt\/wp\/destinatarios\/","title":{"rendered":"Destinat\u00e1rios"},"content":{"rendered":"<p>A VI Reuni\u00e3o Anual de Presidentes Mutualistas \u00e9 um evento dirigido fundamentalmente aos Presidentes e representantes das Associa\u00e7\u00f5es filiadas na Uni\u00e3o das Mutualidades Portuguesas.<\/p>\n<p>A participa\u00e7\u00e3o \u00e9 assegurada atrav\u00e9s da submiss\u00e3o pr\u00e9via do formul\u00e1rio de inscri\u00e7\u00e3o, dispon\u00edvel neste site.<\/p>\n","protected":false},"excerpt":{"rendered":"<p>O evento destina-se aos Presidentes e Representantes das filiadas na Uni\u00e3o das Mutualidades Portuguesas.<\/p>\n","protected":false},"author":2,"featured_media":0,"parent":0,"menu_order":0,"comment_status":"closed","ping_status":"closed","template":"","meta":{"pagelayer_contact_templates":[],"_pagelayer_content":"","footnotes":""},"class_list":["post-467","page","type-page","status-publish","hentry"],"_links":{"self":[{"href":"https:\/\/rapm.mutualismo.pt\/wp\/wp-json\/wp\/v2\/pages\/467","targetHints":{"allow":["GET"]}}],"collection":[{"href":"https:\/\/rapm.mutualismo.pt\/wp\/wp-json\/wp\/v2\/pages"}],"about":[{"href":"https:\/\/rapm.mutualismo.pt\/wp\/wp-json\/wp\/v2\/types\/page"}],"author":[{"embeddable":true,"href":"https:\/\/rapm.mutualismo.pt\/wp\/wp-json\/wp\/v2\/users\/2"}],"replies":[{"embeddable":true,"href":"https:\/\/rapm.mutualismo.pt\/wp\/wp-json\/wp\/v2\/comments?post=467"}],"version-history":[{"count":3,"href":"https:\/\/rapm.mutualismo.pt\/wp\/wp-json\/wp\/v2\/pages\/467\/revisions"}],"predecessor-version":[{"id":484,"href":"https:\/\/rapm.mutualismo.pt\/wp\/wp-json\/wp\/v2\/pages\/467\/revisions\/484"}],"wp:attachment":[{"href":"https:\/\/rapm.mutualismo.pt\/wp\/wp-json\/wp\/v2\/media?parent=467"}],"curies":[{"name":"wp","href":"https:\/\/api.w.org\/{rel}","templated":true}]}}