{"id":102,"date":"2018-03-01T10:33:07","date_gmt":"2018-03-01T10:33:07","guid":{"rendered":"http:\/\/demo.acmethemes.com\/event-star\/?page_id=40"},"modified":"2025-01-07T15:04:55","modified_gmt":"2025-01-07T15:04:55","slug":"porque-este-evento","status":"publish","type":"page","link":"https:\/\/rapm.mutualismo.pt\/wp\/porque-este-evento\/","title":{"rendered":"Confer\u00eancia tem\u00e1tica"},"content":{"rendered":"<p>A complementaridade mutualista no futuro do sistema de pens\u00f5es\u201d \u00e9 o mote da reflex\u00e3o que o antigo ministro da Seguran\u00e7a Social e das Finan\u00e7as, Bag\u00e3o F\u00e9lix, vai despertar no evento.<\/p>\n<p>A estrutura demogr\u00e1fica de Portugal est\u00e1 a mudar rapidamente. O ritmo acelerado do envelhecimento da popula\u00e7\u00e3o levanta quest\u00f5es prementes sobre a sustentabilidade da Seguran\u00e7a Social a m\u00e9dio prazo.<\/p>\n<p>Importa refletir com os presidentes das mutualidades o papel que os regimes complementares, em especial o mutualista, poder\u00e3o desempenhar num futuro sistema previdencial que garanta uma pens\u00e3o digna e uma qualidade de vida semelhante \u00e0 anterior \u00e0 reforma, a um n\u00famero crescente de benefici\u00e1rios (devido ao aumento de idosos) e por um per\u00edodo mais prolongado (devido \u00e0 maior esperan\u00e7a de vida).<\/p>\n<p>Especialista nestes temas, Ant\u00f3nio Bag\u00e3o F\u00e9lix participa como orador na cimeira dos presidentes mutualistas que, por mera coincid\u00eancia, se realiza em \u00cdlhavo, terra natal do economista, gestor e antigo governante.<\/p>\n","protected":false},"excerpt":{"rendered":"<p>A complementaridade mutualista no futuro do sistema de pens\u00f5es\u201d \u00e9 o mote da reflex\u00e3o que o antigo ministro da Seguran\u00e7a Social e das Finan\u00e7as, Bag\u00e3o F\u00e9lix, vai despertar no evento.<\/p>\n","protected":false},"author":1,"featured_media":0,"parent":0,"menu_order":0,"comment_status":"closed","ping_status":"closed","template":"","meta":{"pagelayer_contact_templates":[],"_pagelayer_content":"","footnotes":""},"class_list":["post-102","page","type-page","status-publish","hentry"],"_links":{"self":[{"href":"https:\/\/rapm.mutualismo.pt\/wp\/wp-json\/wp\/v2\/pages\/102","targetHints":{"allow":["GET"]}}],"collection":[{"href":"https:\/\/rapm.mutualismo.pt\/wp\/wp-json\/wp\/v2\/pages"}],"about":[{"href":"https:\/\/rapm.mutualismo.pt\/wp\/wp-json\/wp\/v2\/types\/page"}],"author":[{"embeddable":true,"href":"https:\/\/rapm.mutualismo.pt\/wp\/wp-json\/wp\/v2\/users\/1"}],"replies":[{"embeddable":true,"href":"https:\/\/rapm.mutualismo.pt\/wp\/wp-json\/wp\/v2\/comments?post=102"}],"version-history":[{"count":11,"href":"https:\/\/rapm.mutualismo.pt\/wp\/wp-json\/wp\/v2\/pages\/102\/revisions"}],"predecessor-version":[{"id":695,"href":"https:\/\/rapm.mutualismo.pt\/wp\/wp-json\/wp\/v2\/pages\/102\/revisions\/695"}],"wp:attachment":[{"href":"https:\/\/rapm.mutualismo.pt\/wp\/wp-json\/wp\/v2\/media?parent=102"}],"curies":[{"name":"wp","href":"https:\/\/api.w.org\/{rel}","templated":true}]}}